{"id":88885,"date":"2024-06-17T11:02:12","date_gmt":"2024-06-17T11:02:12","guid":{"rendered":"https:\/\/www.emiliomoro.com\/producto\/estuche-champagne-joseph-perrier-brut-rose\/"},"modified":"2024-10-23T08:26:10","modified_gmt":"2024-10-23T08:26:10","slug":"case-champagne-joseph-perrier-brut-rose","status":"publish","type":"product","link":"https:\/\/www.emiliomoro.com\/en\/producto\/case-champagne-joseph-perrier-brut-rose\/","title":{"rendered":"Case Champagne Joseph Perrier Brut + Ros\u00e9"},"content":{"rendered":"","protected":false},"excerpt":{"rendered":"","protected":false},"featured_media":82798,"template":"","meta":{"_acf_changed":false},"product_brand":[],"product_cat":[129,128,123],"product_tag":[],"class_list":{"0":"post-88885","1":"product","2":"type-product","3":"status-publish","4":"has-post-thumbnail","6":"product_cat-estuches-y-packs-en","7":"product_cat-champagne-en","8":"product_cat-vinos-importados-en","10":"first","11":"outofstock","12":"shipping-taxable","13":"purchasable","14":"product-type-simple"},"acf":[],"yoast_head":"<!-- This site is optimized with the Yoast SEO plugin v26.7 - https:\/\/yoast.com\/wordpress\/plugins\/seo\/ -->\n<title>Buy Case Champagne Joseph Perrier Brut Nature + Ros\u00e9<\/title>\n<meta name=\"description\" content=\"For Champagne lovers, a spectacular gift box including two wines: Joseph Perrier Cuv\u00e9e Royale Brut 75 cl. and Joseph Perrier Cuv\u00e9e Royale Ros\u00e9 75 cl.\" \/>\n<meta name=\"robots\" content=\"index, follow, max-snippet:-1, max-image-preview:large, max-video-preview:-1\" \/>\n<link rel=\"canonical\" href=\"https:\/\/www.emiliomoro.com\/en\/producto\/case-champagne-joseph-perrier-brut-rose\/\" \/>\n<meta property=\"og:locale\" content=\"en_US\" \/>\n<meta property=\"og:type\" content=\"article\" \/>\n<meta property=\"og:title\" content=\"Buy Case Champagne Joseph Perrier Brut Nature + Ros\u00e9\" \/>\n<meta property=\"og:description\" content=\"For Champagne lovers, a spectacular gift box including two wines: Joseph Perrier Cuv\u00e9e Royale Brut 75 cl. and Joseph Perrier Cuv\u00e9e Royale Ros\u00e9 75 cl.\" \/>\n<meta property=\"og:url\" content=\"https:\/\/www.emiliomoro.com\/en\/producto\/case-champagne-joseph-perrier-brut-rose\/\" \/>\n<meta property=\"og:site_name\" content=\"Emilio Moro\" \/>\n<meta property=\"article:modified_time\" content=\"2024-10-23T08:26:10+00:00\" \/>\n<meta property=\"og:image\" content=\"https:\/\/www.emiliomoro.com\/wp-content\/uploads\/2024\/06\/ESTUCHES-PORTADA-WEB_1240x1240px_Coffret-BrutRose-BD.png\" \/>\n\t<meta property=\"og:image:width\" content=\"1240\" \/>\n\t<meta property=\"og:image:height\" content=\"1240\" \/>\n\t<meta property=\"og:image:type\" content=\"image\/png\" \/>\n<meta name=\"twitter:card\" content=\"summary_large_image\" \/>\n<meta name=\"twitter:label1\" content=\"Est. reading time\" \/>\n\t<meta name=\"twitter:data1\" content=\"1 minute\" \/>\n<script type=\"application\/ld+json\" class=\"yoast-schema-graph\">{\"@context\":\"https:\/\/schema.org\",\"@graph\":[{\"@type\":\"WebPage\",\"@id\":\"https:\/\/www.emiliomoro.com\/en\/producto\/case-champagne-joseph-perrier-brut-rose\/\",\"url\":\"https:\/\/www.emiliomoro.com\/en\/producto\/case-champagne-joseph-perrier-brut-rose\/\",\"name\":\"Buy Case Champagne Joseph Perrier Brut Nature + Ros\u00e9\",\"isPartOf\":{\"@id\":\"https:\/\/www.emiliomoro.com\/en\/#website\"},\"primaryImageOfPage\":{\"@id\":\"https:\/\/www.emiliomoro.com\/en\/producto\/case-champagne-joseph-perrier-brut-rose\/#primaryimage\"},\"image\":{\"@id\":\"https:\/\/www.emiliomoro.com\/en\/producto\/case-champagne-joseph-perrier-brut-rose\/#primaryimage\"},\"thumbnailUrl\":\"https:\/\/www.emiliomoro.com\/wp-content\/uploads\/2024\/06\/ESTUCHES-PORTADA-WEB_1240x1240px_Coffret-BrutRose-BD.png\",\"datePublished\":\"2024-06-17T11:02:12+00:00\",\"dateModified\":\"2024-10-23T08:26:10+00:00\",\"description\":\"For Champagne lovers, a spectacular gift box including two wines: Joseph Perrier Cuv\u00e9e Royale Brut 75 cl. and Joseph Perrier Cuv\u00e9e Royale Ros\u00e9 75 cl.\",\"breadcrumb\":{\"@id\":\"https:\/\/www.emiliomoro.com\/en\/producto\/case-champagne-joseph-perrier-brut-rose\/#breadcrumb\"},\"inLanguage\":\"en-US\",\"potentialAction\":[{\"@type\":\"ReadAction\",\"target\":[\"https:\/\/www.emiliomoro.com\/en\/producto\/case-champagne-joseph-perrier-brut-rose\/\"]}]},{\"@type\":\"ImageObject\",\"inLanguage\":\"en-US\",\"@id\":\"https:\/\/www.emiliomoro.com\/en\/producto\/case-champagne-joseph-perrier-brut-rose\/#primaryimage\",\"url\":\"https:\/\/www.emiliomoro.com\/wp-content\/uploads\/2024\/06\/ESTUCHES-PORTADA-WEB_1240x1240px_Coffret-BrutRose-BD.png\",\"contentUrl\":\"https:\/\/www.emiliomoro.com\/wp-content\/uploads\/2024\/06\/ESTUCHES-PORTADA-WEB_1240x1240px_Coffret-BrutRose-BD.png\",\"width\":1240,\"height\":1240},{\"@type\":\"BreadcrumbList\",\"@id\":\"https:\/\/www.emiliomoro.com\/en\/producto\/case-champagne-joseph-perrier-brut-rose\/#breadcrumb\",\"itemListElement\":[{\"@type\":\"ListItem\",\"position\":1,\"name\":\"Portada\",\"item\":\"https:\/\/www.emiliomoro.com\/en\/sample-page\/\"},{\"@type\":\"ListItem\",\"position\":2,\"name\":\"Online Shop\",\"item\":\"https:\/\/www.emiliomoro.com\/en\/online-shop\/\"},{\"@type\":\"ListItem\",\"position\":3,\"name\":\"Case Champagne Joseph Perrier Brut + Ros\u00e9\"}]},{\"@type\":\"WebSite\",\"@id\":\"https:\/\/www.emiliomoro.com\/en\/#website\",\"url\":\"https:\/\/www.emiliomoro.com\/en\/\",\"name\":\"Emilio Moro\",\"description\":\"\",\"publisher\":{\"@id\":\"https:\/\/www.emiliomoro.com\/en\/#organization\"},\"potentialAction\":[{\"@type\":\"SearchAction\",\"target\":{\"@type\":\"EntryPoint\",\"urlTemplate\":\"https:\/\/www.emiliomoro.com\/en\/?s={search_term_string}\"},\"query-input\":{\"@type\":\"PropertyValueSpecification\",\"valueRequired\":true,\"valueName\":\"search_term_string\"}}],\"inLanguage\":\"en-US\"},{\"@type\":\"Organization\",\"@id\":\"https:\/\/www.emiliomoro.com\/en\/#organization\",\"name\":\"Emilio Moro\",\"url\":\"https:\/\/www.emiliomoro.com\/en\/\",\"logo\":{\"@type\":\"ImageObject\",\"inLanguage\":\"en-US\",\"@id\":\"https:\/\/www.emiliomoro.com\/en\/#\/schema\/logo\/image\/\",\"url\":\"https:\/\/www.emiliomoro.com\/wp-content\/uploads\/2024\/06\/bem_blanco.png\",\"contentUrl\":\"https:\/\/www.emiliomoro.com\/wp-content\/uploads\/2024\/06\/bem_blanco.png\",\"width\":315,\"height\":207,\"caption\":\"Emilio Moro\"},\"image\":{\"@id\":\"https:\/\/www.emiliomoro.com\/en\/#\/schema\/logo\/image\/\"}}]}<\/script>\n<!-- \/ Yoast SEO plugin. -->","yoast_head_json":{"title":"Buy Case Champagne Joseph Perrier Brut Nature + Ros\u00e9","description":"For Champagne lovers, a spectacular gift box including two wines: Joseph Perrier Cuv\u00e9e Royale Brut 75 cl. and Joseph Perrier Cuv\u00e9e Royale Ros\u00e9 75 cl.","robots":{"index":"index","follow":"follow","max-snippet":"max-snippet:-1","max-image-preview":"max-image-preview:large","max-video-preview":"max-video-preview:-1"},"canonical":"https:\/\/www.emiliomoro.com\/en\/producto\/case-champagne-joseph-perrier-brut-rose\/","og_locale":"en_US","og_type":"article","og_title":"Buy Case Champagne Joseph Perrier Brut Nature + Ros\u00e9","og_description":"For Champagne lovers, a spectacular gift box including two wines: Joseph Perrier Cuv\u00e9e Royale Brut 75 cl. and Joseph Perrier Cuv\u00e9e Royale Ros\u00e9 75 cl.","og_url":"https:\/\/www.emiliomoro.com\/en\/producto\/case-champagne-joseph-perrier-brut-rose\/","og_site_name":"Emilio Moro","article_modified_time":"2024-10-23T08:26:10+00:00","og_image":[{"width":1240,"height":1240,"url":"https:\/\/www.emiliomoro.com\/wp-content\/uploads\/2024\/06\/ESTUCHES-PORTADA-WEB_1240x1240px_Coffret-BrutRose-BD.png","type":"image\/png"}],"twitter_card":"summary_large_image","twitter_misc":{"Est. reading time":"1 minute"},"schema":{"@context":"https:\/\/schema.org","@graph":[{"@type":"WebPage","@id":"https:\/\/www.emiliomoro.com\/en\/producto\/case-champagne-joseph-perrier-brut-rose\/","url":"https:\/\/www.emiliomoro.com\/en\/producto\/case-champagne-joseph-perrier-brut-rose\/","name":"Buy Case Champagne Joseph Perrier Brut Nature + Ros\u00e9","isPartOf":{"@id":"https:\/\/www.emiliomoro.com\/en\/#website"},"primaryImageOfPage":{"@id":"https:\/\/www.emiliomoro.com\/en\/producto\/case-champagne-joseph-perrier-brut-rose\/#primaryimage"},"image":{"@id":"https:\/\/www.emiliomoro.com\/en\/producto\/case-champagne-joseph-perrier-brut-rose\/#primaryimage"},"thumbnailUrl":"https:\/\/www.emiliomoro.com\/wp-content\/uploads\/2024\/06\/ESTUCHES-PORTADA-WEB_1240x1240px_Coffret-BrutRose-BD.png","datePublished":"2024-06-17T11:02:12+00:00","dateModified":"2024-10-23T08:26:10+00:00","description":"For Champagne lovers, a spectacular gift box including two wines: Joseph Perrier Cuv\u00e9e Royale Brut 75 cl. and Joseph Perrier Cuv\u00e9e Royale Ros\u00e9 75 cl.","breadcrumb":{"@id":"https:\/\/www.emiliomoro.com\/en\/producto\/case-champagne-joseph-perrier-brut-rose\/#breadcrumb"},"inLanguage":"en-US","potentialAction":[{"@type":"ReadAction","target":["https:\/\/www.emiliomoro.com\/en\/producto\/case-champagne-joseph-perrier-brut-rose\/"]}]},{"@type":"ImageObject","inLanguage":"en-US","@id":"https:\/\/www.emiliomoro.com\/en\/producto\/case-champagne-joseph-perrier-brut-rose\/#primaryimage","url":"https:\/\/www.emiliomoro.com\/wp-content\/uploads\/2024\/06\/ESTUCHES-PORTADA-WEB_1240x1240px_Coffret-BrutRose-BD.png","contentUrl":"https:\/\/www.emiliomoro.com\/wp-content\/uploads\/2024\/06\/ESTUCHES-PORTADA-WEB_1240x1240px_Coffret-BrutRose-BD.png","width":1240,"height":1240},{"@type":"BreadcrumbList","@id":"https:\/\/www.emiliomoro.com\/en\/producto\/case-champagne-joseph-perrier-brut-rose\/#breadcrumb","itemListElement":[{"@type":"ListItem","position":1,"name":"Portada","item":"https:\/\/www.emiliomoro.com\/en\/sample-page\/"},{"@type":"ListItem","position":2,"name":"Online Shop","item":"https:\/\/www.emiliomoro.com\/en\/online-shop\/"},{"@type":"ListItem","position":3,"name":"Case Champagne Joseph Perrier Brut + Ros\u00e9"}]},{"@type":"WebSite","@id":"https:\/\/www.emiliomoro.com\/en\/#website","url":"https:\/\/www.emiliomoro.com\/en\/","name":"Emilio Moro","description":"","publisher":{"@id":"https:\/\/www.emiliomoro.com\/en\/#organization"},"potentialAction":[{"@type":"SearchAction","target":{"@type":"EntryPoint","urlTemplate":"https:\/\/www.emiliomoro.com\/en\/?s={search_term_string}"},"query-input":{"@type":"PropertyValueSpecification","valueRequired":true,"valueName":"search_term_string"}}],"inLanguage":"en-US"},{"@type":"Organization","@id":"https:\/\/www.emiliomoro.com\/en\/#organization","name":"Emilio Moro","url":"https:\/\/www.emiliomoro.com\/en\/","logo":{"@type":"ImageObject","inLanguage":"en-US","@id":"https:\/\/www.emiliomoro.com\/en\/#\/schema\/logo\/image\/","url":"https:\/\/www.emiliomoro.com\/wp-content\/uploads\/2024\/06\/bem_blanco.png","contentUrl":"https:\/\/www.emiliomoro.com\/wp-content\/uploads\/2024\/06\/bem_blanco.png","width":315,"height":207,"caption":"Emilio Moro"},"image":{"@id":"https:\/\/www.emiliomoro.com\/en\/#\/schema\/logo\/image\/"}}]}},"_links":{"self":[{"href":"https:\/\/www.emiliomoro.com\/en\/wp-json\/wp\/v2\/product\/88885","targetHints":{"allow":["GET"]}}],"collection":[{"href":"https:\/\/www.emiliomoro.com\/en\/wp-json\/wp\/v2\/product"}],"about":[{"href":"https:\/\/www.emiliomoro.com\/en\/wp-json\/wp\/v2\/types\/product"}],"wp:featuredmedia":[{"embeddable":true,"href":"https:\/\/www.emiliomoro.com\/en\/wp-json\/wp\/v2\/media\/82798"}],"wp:attachment":[{"href":"https:\/\/www.emiliomoro.com\/en\/wp-json\/wp\/v2\/media?parent=88885"}],"wp:term":[{"taxonomy":"product_brand","embeddable":true,"href":"https:\/\/www.emiliomoro.com\/en\/wp-json\/wp\/v2\/product_brand?post=88885"},{"taxonomy":"product_cat","embeddable":true,"href":"https:\/\/www.emiliomoro.com\/en\/wp-json\/wp\/v2\/product_cat?post=88885"},{"taxonomy":"product_tag","embeddable":true,"href":"https:\/\/www.emiliomoro.com\/en\/wp-json\/wp\/v2\/product_tag?post=88885"}],"curies":[{"name":"wp","href":"https:\/\/api.w.org\/{rel}","templated":true}]}}