{"id":89188,"date":"2024-04-19T11:39:15","date_gmt":"2024-04-19T11:39:15","guid":{"rendered":"https:\/\/www.emiliomoro.com\/gracias-por-tu-opinion\/"},"modified":"2024-10-28T16:07:43","modified_gmt":"2024-10-28T16:07:43","slug":"thanks-for-your-feedback","status":"publish","type":"page","link":"https:\/\/www.emiliomoro.com\/en\/thanks-for-your-feedback\/","title":{"rendered":"Thanks for your feedback"},"content":{"rendered":"<p class=\"c-encuesta__info-parrafo\">\u00a1Gracias por tu colaboraci\u00f3n! Tu opini\u00f3n cuenta mucho para nosotros. Nos ayudar\u00e1s a seguir por el buen camino. Esperamos verte de nuevo en nuestra bodega, que ya es tu casa.<\/p>\n<p class=\"c-encuesta__info-parrafo\">\u00a1Hasta pronto!<\/p>\n","protected":false},"excerpt":{"rendered":"<p>\u00a1Gracias por tu colaboraci\u00f3n! Tu opini\u00f3n cuenta mucho para nosotros. Nos ayudar\u00e1s a seguir por el buen camino. Esperamos verte de nuevo en nuestra bodega, que ya es tu casa. \u00a1Hasta pronto!<\/p>\n","protected":false},"author":1,"featured_media":0,"parent":0,"menu_order":0,"comment_status":"closed","ping_status":"closed","template":"template-parts\/page-legales.php","meta":{"_acf_changed":false,"footnotes":""},"class_list":["post-89188","page","type-page","status-publish","hentry"],"acf":[],"yoast_head":"<!-- This site is optimized with the Yoast SEO plugin v26.7 - https:\/\/yoast.com\/wordpress\/plugins\/seo\/ -->\n<title>Thanks for your feedback - Emilio Moro<\/title>\n<meta name=\"robots\" content=\"index, follow, max-snippet:-1, max-image-preview:large, max-video-preview:-1\" \/>\n<link rel=\"canonical\" href=\"https:\/\/www.emiliomoro.com\/en\/thanks-for-your-feedback\/\" \/>\n<meta property=\"og:locale\" content=\"en_US\" \/>\n<meta property=\"og:type\" content=\"article\" \/>\n<meta property=\"og:title\" content=\"Thanks for your feedback - Emilio Moro\" \/>\n<meta property=\"og:description\" content=\"\u00a1Gracias por tu colaboraci\u00f3n! Tu opini\u00f3n cuenta mucho para nosotros. Nos ayudar\u00e1s a seguir por el buen camino. Esperamos verte de nuevo en nuestra bodega, que ya es tu casa. \u00a1Hasta pronto!\" \/>\n<meta property=\"og:url\" content=\"https:\/\/www.emiliomoro.com\/en\/thanks-for-your-feedback\/\" \/>\n<meta property=\"og:site_name\" content=\"Emilio Moro\" \/>\n<meta property=\"article:modified_time\" content=\"2024-10-28T16:07:43+00:00\" \/>\n<meta name=\"twitter:card\" content=\"summary_large_image\" \/>\n<meta name=\"twitter:label1\" content=\"Est. reading time\" \/>\n\t<meta name=\"twitter:data1\" content=\"1 minute\" \/>\n<script type=\"application\/ld+json\" class=\"yoast-schema-graph\">{\"@context\":\"https:\/\/schema.org\",\"@graph\":[{\"@type\":\"WebPage\",\"@id\":\"https:\/\/www.emiliomoro.com\/en\/thanks-for-your-feedback\/\",\"url\":\"https:\/\/www.emiliomoro.com\/en\/thanks-for-your-feedback\/\",\"name\":\"Thanks for your feedback - Emilio Moro\",\"isPartOf\":{\"@id\":\"https:\/\/www.emiliomoro.com\/en\/#website\"},\"datePublished\":\"2024-04-19T11:39:15+00:00\",\"dateModified\":\"2024-10-28T16:07:43+00:00\",\"breadcrumb\":{\"@id\":\"https:\/\/www.emiliomoro.com\/en\/thanks-for-your-feedback\/#breadcrumb\"},\"inLanguage\":\"en-US\",\"potentialAction\":[{\"@type\":\"ReadAction\",\"target\":[\"https:\/\/www.emiliomoro.com\/en\/thanks-for-your-feedback\/\"]}]},{\"@type\":\"BreadcrumbList\",\"@id\":\"https:\/\/www.emiliomoro.com\/en\/thanks-for-your-feedback\/#breadcrumb\",\"itemListElement\":[{\"@type\":\"ListItem\",\"position\":1,\"name\":\"Portada\",\"item\":\"https:\/\/www.emiliomoro.com\/en\/sample-page\/\"},{\"@type\":\"ListItem\",\"position\":2,\"name\":\"Thanks for your feedback\"}]},{\"@type\":\"WebSite\",\"@id\":\"https:\/\/www.emiliomoro.com\/en\/#website\",\"url\":\"https:\/\/www.emiliomoro.com\/en\/\",\"name\":\"Emilio Moro\",\"description\":\"\",\"publisher\":{\"@id\":\"https:\/\/www.emiliomoro.com\/en\/#organization\"},\"potentialAction\":[{\"@type\":\"SearchAction\",\"target\":{\"@type\":\"EntryPoint\",\"urlTemplate\":\"https:\/\/www.emiliomoro.com\/en\/?s={search_term_string}\"},\"query-input\":{\"@type\":\"PropertyValueSpecification\",\"valueRequired\":true,\"valueName\":\"search_term_string\"}}],\"inLanguage\":\"en-US\"},{\"@type\":\"Organization\",\"@id\":\"https:\/\/www.emiliomoro.com\/en\/#organization\",\"name\":\"Emilio Moro\",\"url\":\"https:\/\/www.emiliomoro.com\/en\/\",\"logo\":{\"@type\":\"ImageObject\",\"inLanguage\":\"en-US\",\"@id\":\"https:\/\/www.emiliomoro.com\/en\/#\/schema\/logo\/image\/\",\"url\":\"https:\/\/www.emiliomoro.com\/wp-content\/uploads\/2024\/06\/bem_blanco.png\",\"contentUrl\":\"https:\/\/www.emiliomoro.com\/wp-content\/uploads\/2024\/06\/bem_blanco.png\",\"width\":315,\"height\":207,\"caption\":\"Emilio Moro\"},\"image\":{\"@id\":\"https:\/\/www.emiliomoro.com\/en\/#\/schema\/logo\/image\/\"}}]}<\/script>\n<!-- \/ Yoast SEO plugin. -->","yoast_head_json":{"title":"Thanks for your feedback - Emilio Moro","robots":{"index":"index","follow":"follow","max-snippet":"max-snippet:-1","max-image-preview":"max-image-preview:large","max-video-preview":"max-video-preview:-1"},"canonical":"https:\/\/www.emiliomoro.com\/en\/thanks-for-your-feedback\/","og_locale":"en_US","og_type":"article","og_title":"Thanks for your feedback - Emilio Moro","og_description":"\u00a1Gracias por tu colaboraci\u00f3n! Tu opini\u00f3n cuenta mucho para nosotros. Nos ayudar\u00e1s a seguir por el buen camino. Esperamos verte de nuevo en nuestra bodega, que ya es tu casa. \u00a1Hasta pronto!","og_url":"https:\/\/www.emiliomoro.com\/en\/thanks-for-your-feedback\/","og_site_name":"Emilio Moro","article_modified_time":"2024-10-28T16:07:43+00:00","twitter_card":"summary_large_image","twitter_misc":{"Est. reading time":"1 minute"},"schema":{"@context":"https:\/\/schema.org","@graph":[{"@type":"WebPage","@id":"https:\/\/www.emiliomoro.com\/en\/thanks-for-your-feedback\/","url":"https:\/\/www.emiliomoro.com\/en\/thanks-for-your-feedback\/","name":"Thanks for your feedback - Emilio Moro","isPartOf":{"@id":"https:\/\/www.emiliomoro.com\/en\/#website"},"datePublished":"2024-04-19T11:39:15+00:00","dateModified":"2024-10-28T16:07:43+00:00","breadcrumb":{"@id":"https:\/\/www.emiliomoro.com\/en\/thanks-for-your-feedback\/#breadcrumb"},"inLanguage":"en-US","potentialAction":[{"@type":"ReadAction","target":["https:\/\/www.emiliomoro.com\/en\/thanks-for-your-feedback\/"]}]},{"@type":"BreadcrumbList","@id":"https:\/\/www.emiliomoro.com\/en\/thanks-for-your-feedback\/#breadcrumb","itemListElement":[{"@type":"ListItem","position":1,"name":"Portada","item":"https:\/\/www.emiliomoro.com\/en\/sample-page\/"},{"@type":"ListItem","position":2,"name":"Thanks for your feedback"}]},{"@type":"WebSite","@id":"https:\/\/www.emiliomoro.com\/en\/#website","url":"https:\/\/www.emiliomoro.com\/en\/","name":"Emilio Moro","description":"","publisher":{"@id":"https:\/\/www.emiliomoro.com\/en\/#organization"},"potentialAction":[{"@type":"SearchAction","target":{"@type":"EntryPoint","urlTemplate":"https:\/\/www.emiliomoro.com\/en\/?s={search_term_string}"},"query-input":{"@type":"PropertyValueSpecification","valueRequired":true,"valueName":"search_term_string"}}],"inLanguage":"en-US"},{"@type":"Organization","@id":"https:\/\/www.emiliomoro.com\/en\/#organization","name":"Emilio Moro","url":"https:\/\/www.emiliomoro.com\/en\/","logo":{"@type":"ImageObject","inLanguage":"en-US","@id":"https:\/\/www.emiliomoro.com\/en\/#\/schema\/logo\/image\/","url":"https:\/\/www.emiliomoro.com\/wp-content\/uploads\/2024\/06\/bem_blanco.png","contentUrl":"https:\/\/www.emiliomoro.com\/wp-content\/uploads\/2024\/06\/bem_blanco.png","width":315,"height":207,"caption":"Emilio Moro"},"image":{"@id":"https:\/\/www.emiliomoro.com\/en\/#\/schema\/logo\/image\/"}}]}},"_links":{"self":[{"href":"https:\/\/www.emiliomoro.com\/en\/wp-json\/wp\/v2\/pages\/89188","targetHints":{"allow":["GET"]}}],"collection":[{"href":"https:\/\/www.emiliomoro.com\/en\/wp-json\/wp\/v2\/pages"}],"about":[{"href":"https:\/\/www.emiliomoro.com\/en\/wp-json\/wp\/v2\/types\/page"}],"author":[{"embeddable":true,"href":"https:\/\/www.emiliomoro.com\/en\/wp-json\/wp\/v2\/users\/1"}],"replies":[{"embeddable":true,"href":"https:\/\/www.emiliomoro.com\/en\/wp-json\/wp\/v2\/comments?post=89188"}],"version-history":[{"count":1,"href":"https:\/\/www.emiliomoro.com\/en\/wp-json\/wp\/v2\/pages\/89188\/revisions"}],"predecessor-version":[{"id":89189,"href":"https:\/\/www.emiliomoro.com\/en\/wp-json\/wp\/v2\/pages\/89188\/revisions\/89189"}],"wp:attachment":[{"href":"https:\/\/www.emiliomoro.com\/en\/wp-json\/wp\/v2\/media?parent=89188"}],"curies":[{"name":"wp","href":"https:\/\/api.w.org\/{rel}","templated":true}]}}